{"id":72,"date":"2024-08-13T11:30:07","date_gmt":"2024-08-13T11:30:07","guid":{"rendered":"https:\/\/www.sma-tech.de\/index.php\/impressum\/"},"modified":"2026-01-12T07:11:22","modified_gmt":"2026-01-12T07:11:22","slug":"imprint","status":"publish","type":"page","link":"https:\/\/www.sma-tech.de\/en\/impressum\/","title":{"rendered":"Imprint"},"content":{"rendered":"<div data-elementor-type=\"wp-page\" data-elementor-id=\"72\" class=\"elementor elementor-72\" data-elementor-post-type=\"page\">\n\t\t\t\t<div class=\"elementor-element elementor-element-a2be5d9 e-flex e-con-boxed e-con e-parent\" data-id=\"a2be5d9\" data-element_type=\"container\" data-e-type=\"container\">\n\t\t\t\t\t<div class=\"e-con-inner\">\n\t\t\t\t<div class=\"elementor-element elementor-element-1ebaf0f elementor-widget elementor-widget-heading\" data-id=\"1ebaf0f\" data-element_type=\"widget\" data-e-type=\"widget\" data-widget_type=\"heading.default\">\n\t\t\t\t<div class=\"elementor-widget-container\">\n\t\t\t\t\t<h1 class=\"elementor-heading-title elementor-size-default\">Imprint<\/h1>\t\t\t\t<\/div>\n\t\t\t\t<\/div>\n\t\t\t\t\t<\/div>\n\t\t\t\t<\/div>\n\t\t<div class=\"elementor-element elementor-element-ca55292 e-flex e-con-boxed e-con e-parent\" data-id=\"ca55292\" data-element_type=\"container\" data-e-type=\"container\">\n\t\t\t\t\t<div class=\"e-con-inner\">\n\t\t<div class=\"elementor-element elementor-element-3cc6fe3 e-con-full e-flex e-con e-child\" data-id=\"3cc6fe3\" data-element_type=\"container\" data-e-type=\"container\">\n\t\t\t\t<div class=\"elementor-element elementor-element-b61fd70 elementor-widget elementor-widget-text-editor\" data-id=\"b61fd70\" data-element_type=\"widget\" data-e-type=\"widget\" data-widget_type=\"text-editor.default\">\n\t\t\t\t<div class=\"elementor-widget-container\">\n\t\t\t\t\t\t\t\t\t<p><strong>SMA Tech GmbH &amp; Co. KG<\/strong><br \/>Gallows field 2<br \/>31737 Rinteln<\/p><p>Tel: <a href=\"tel:+49575117900\">+49 57511790-0<\/a><br \/>Fax: +49 5751 1790-50<br \/>e-mail: <a href=\"mailto:info@sma-tech.de\">info@sma-tech.de<\/a><\/p><p>Register court: Stadthagen<br \/>Register number: HRA 200682<br \/>Value added tax identification number in accordance with \u00a7 27a of the Value Added Tax Act:<br \/>EN 356175434<\/p><p><strong>Production site:<\/strong><\/p><p>St\u00fckenstrasse 5<br \/>31737 Rinteln<br \/>+49 5751 921000<\/p>\t\t\t\t\t\t\t\t<\/div>\n\t\t\t\t<\/div>\n\t\t\t\t<\/div>\n\t\t<div class=\"elementor-element elementor-element-2a5017e e-con-full e-flex e-con e-child\" data-id=\"2a5017e\" data-element_type=\"container\" data-e-type=\"container\">\n\t\t\t\t<div class=\"elementor-element elementor-element-615c177 elementor-widget elementor-widget-text-editor\" data-id=\"615c177\" data-element_type=\"widget\" data-e-type=\"widget\" data-widget_type=\"text-editor.default\">\n\t\t\t\t<div class=\"elementor-widget-container\">\n\t\t\t\t\t\t\t\t\t<p><strong>Personally liable partner:<\/strong><br \/>Beteiligungsgesellschaft Scheidt mbH<br \/>Register court: Stadthagen<br \/>Register number: HRB 2400<\/p><p>Represented by the management:<br \/>Georgine Scheidt, Dragan-Michael Bracht<\/p><p>Responsible for content according to \u00a755 Abs. 2 RStV :<br \/>Georgine Scheidt<\/p>\t\t\t\t\t\t\t\t<\/div>\n\t\t\t\t<\/div>\n\t\t\t\t<\/div>\n\t\t\t\t\t<\/div>\n\t\t\t\t<\/div>\n\t\t<div class=\"elementor-element elementor-element-5f843a4 e-flex e-con-boxed e-con e-parent\" data-id=\"5f843a4\" data-element_type=\"container\" data-e-type=\"container\">\n\t\t\t\t\t<div class=\"e-con-inner\">\n\t\t\t\t<div class=\"elementor-element elementor-element-1ed4dce elementor-widget elementor-widget-heading\" data-id=\"1ed4dce\" data-element_type=\"widget\" data-e-type=\"widget\" data-widget_type=\"heading.default\">\n\t\t\t\t<div class=\"elementor-widget-container\">\n\t\t\t\t\t<h2 class=\"elementor-heading-title elementor-size-default\">Legal information\n<\/h2>\t\t\t\t<\/div>\n\t\t\t\t<\/div>\n\t\t\t\t\t<\/div>\n\t\t\t\t<\/div>\n\t\t<div class=\"elementor-element elementor-element-172629f e-flex e-con-boxed e-con e-parent\" data-id=\"172629f\" data-element_type=\"container\" data-e-type=\"container\">\n\t\t\t\t\t<div class=\"e-con-inner\">\n\t\t<div class=\"elementor-element elementor-element-9024b2a e-con-full e-flex e-con e-child\" data-id=\"9024b2a\" data-element_type=\"container\" data-e-type=\"container\">\n\t\t\t\t<div class=\"elementor-element elementor-element-ce294e9 elementor-widget elementor-widget-text-editor\" data-id=\"ce294e9\" data-element_type=\"widget\" data-e-type=\"widget\" data-widget_type=\"text-editor.default\">\n\t\t\t\t<div class=\"elementor-widget-container\">\n\t\t\t\t\t\t\t\t\t<p><strong>Limitation of liability<\/strong><br \/>SMA Tech constantly checks and updates the information on this website. SMA Tech reserves the right to make changes or additions to the information provided.<\/p><p>Despite all due care, the data may have changed in the meantime. No guarantee can therefore be given that the information provided is up-to-date, correct and complete. Any liability for damages arising directly or indirectly from the use of this website is excluded.<\/p><p><strong>Links to external websites<\/strong><br \/>This Internet site may contain links to other sites on the Internet. These links are provided to make it easier to find information on the Internet, but do not establish any liability on the part of SMA Tech GmbH &amp; Co. KG for the linked pages or for the content, services or products offered by these linked pages.<\/p>\t\t\t\t\t\t\t\t<\/div>\n\t\t\t\t<\/div>\n\t\t\t\t<\/div>\n\t\t<div class=\"elementor-element elementor-element-fd502d4 e-con-full e-flex e-con e-child\" data-id=\"fd502d4\" data-element_type=\"container\" data-e-type=\"container\">\n\t\t\t\t<div class=\"elementor-element elementor-element-3c98821 elementor-widget elementor-widget-text-editor\" data-id=\"3c98821\" data-element_type=\"widget\" data-e-type=\"widget\" data-widget_type=\"text-editor.default\">\n\t\t\t\t<div class=\"elementor-widget-container\">\n\t\t\t\t\t\t\t\t\t<p><strong>Copyright<\/strong><br \/>\u00a9 Copyright 2016 SMA Tech GmbH &amp; Co. KG, Rinteln, Germany . All rights reserved. All texts, images, graphics, sound, animations and videos as well as their design are subject to copyright and other laws for the protection of intellectual property. The reproduction and use of such information and data is subject to the consent of SMA Tech GmbH &amp; Co. KG.<\/p><p>Unless otherwise indicated, all brands mentioned on the Internet pages are legally protected trademarks of SMA Tech GmbH &amp; Co. KG or affiliated companies.<\/p><p>Unless otherwise stated, the intellectual property rights to the content and form of the Internet pages belong to SMA Tech GmbH &amp; Co. KG or affiliated companies. These Internet pages do not grant a licence to use the intellectual property of SMA Tech GmbH &amp; Co KG.<\/p>\t\t\t\t\t\t\t\t<\/div>\n\t\t\t\t<\/div>\n\t\t\t\t<\/div>\n\t\t\t\t\t<\/div>\n\t\t\t\t<\/div>\n\t\t\t\t<\/div>","protected":false},"excerpt":{"rendered":"<p>Impressum SMA Tech GmbH &amp; Co. KGGalgenfeld 231737 Rinteln Tel.: +49 57511790-0Fax: +49 5751 1790-50E-Mail: info@sma-tech.de Registergericht: StadthagenRegisternummer: HRA 200682Umsatzsteuer-Identifikationsnummer gem\u00e4\u00df \u00a7 27a Umsatzsteuergesetz:DE 356175434 Produktionsstandort: St\u00fckenstra\u00dfe 531737 Rinteln+49 5751 921000 Pers\u00f6nlich haftende Gesellschafterin:Beteiligungsgesellschaft Scheidt mbHRegistergericht: StadthagenRegisternummer: HRB 2400 Vertreten durch die Gesch\u00e4ftsf\u00fchrung:Georgine Scheidt, Dragan-Michael Bracht Inhaltlich Verantwortlicher gem\u00e4\u00df \u00a755 Abs. 2 RStV :Georgine Scheidt [&hellip;]<\/p>\n","protected":false},"author":2,"featured_media":0,"parent":0,"menu_order":0,"comment_status":"closed","ping_status":"closed","template":"","meta":{"footnotes":""},"class_list":["post-72","page","type-page","status-publish","hentry"],"yoast_head":"<!-- This site is optimized with the Yoast SEO plugin v27.4 - https:\/\/yoast.com\/product\/yoast-seo-wordpress\/ -->\n<title>Impressum - SMA Tech<\/title>\n<meta name=\"robots\" content=\"index, follow, max-snippet:-1, max-image-preview:large, max-video-preview:-1\" \/>\n<link rel=\"canonical\" href=\"https:\/\/www.sma-tech.de\/en\/imprint\/\" \/>\n<meta property=\"og:locale\" content=\"en_GB\" \/>\n<meta property=\"og:type\" content=\"article\" \/>\n<meta property=\"og:title\" content=\"Impressum - SMA Tech\" \/>\n<meta property=\"og:description\" content=\"Impressum SMA Tech GmbH &amp; Co. KGGalgenfeld 231737 Rinteln Tel.: +49 57511790-0Fax: +49 5751 1790-50E-Mail: info@sma-tech.de Registergericht: StadthagenRegisternummer: HRA 200682Umsatzsteuer-Identifikationsnummer gem\u00e4\u00df \u00a7 27a Umsatzsteuergesetz:DE 356175434 Produktionsstandort: St\u00fckenstra\u00dfe 531737 Rinteln+49 5751 921000 Pers\u00f6nlich haftende Gesellschafterin:Beteiligungsgesellschaft Scheidt mbHRegistergericht: StadthagenRegisternummer: HRB 2400 Vertreten durch die Gesch\u00e4ftsf\u00fchrung:Georgine Scheidt, Dragan-Michael Bracht Inhaltlich Verantwortlicher gem\u00e4\u00df \u00a755 Abs. 2 RStV :Georgine Scheidt [&hellip;]\" \/>\n<meta property=\"og:url\" content=\"https:\/\/www.sma-tech.de\/en\/imprint\/\" \/>\n<meta property=\"og:site_name\" content=\"SMA Tech\" \/>\n<meta property=\"article:modified_time\" content=\"2026-01-12T07:11:22+00:00\" \/>\n<meta name=\"twitter:card\" content=\"summary_large_image\" \/>\n<meta name=\"twitter:label1\" content=\"Estimated reading time\" \/>\n\t<meta name=\"twitter:data1\" content=\"2 minutes\" \/>\n<script type=\"application\/ld+json\" class=\"yoast-schema-graph\">{\"@context\":\"https:\\\/\\\/schema.org\",\"@graph\":[{\"@type\":\"WebPage\",\"@id\":\"https:\\\/\\\/www.sma-tech.de\\\/impressum\\\/\",\"url\":\"https:\\\/\\\/www.sma-tech.de\\\/impressum\\\/\",\"name\":\"Impressum - SMA Tech\",\"isPartOf\":{\"@id\":\"https:\\\/\\\/www.sma-tech.de\\\/#website\"},\"datePublished\":\"2024-08-13T11:30:07+00:00\",\"dateModified\":\"2026-01-12T07:11:22+00:00\",\"breadcrumb\":{\"@id\":\"https:\\\/\\\/www.sma-tech.de\\\/impressum\\\/#breadcrumb\"},\"inLanguage\":\"en-GB\",\"potentialAction\":[{\"@type\":\"ReadAction\",\"target\":[\"https:\\\/\\\/www.sma-tech.de\\\/impressum\\\/\"]}]},{\"@type\":\"BreadcrumbList\",\"@id\":\"https:\\\/\\\/www.sma-tech.de\\\/impressum\\\/#breadcrumb\",\"itemListElement\":[{\"@type\":\"ListItem\",\"position\":1,\"name\":\"Startseite\",\"item\":\"https:\\\/\\\/www.sma-tech.de\\\/\"},{\"@type\":\"ListItem\",\"position\":2,\"name\":\"Impressum\"}]},{\"@type\":\"WebSite\",\"@id\":\"https:\\\/\\\/www.sma-tech.de\\\/#website\",\"url\":\"https:\\\/\\\/www.sma-tech.de\\\/\",\"name\":\"SMA Tech\",\"description\":\"hochwertige technische L\u00f6sungen und Konstruktionen aus Metall\",\"publisher\":{\"@id\":\"https:\\\/\\\/www.sma-tech.de\\\/#organization\"},\"potentialAction\":[{\"@type\":\"SearchAction\",\"target\":{\"@type\":\"EntryPoint\",\"urlTemplate\":\"https:\\\/\\\/www.sma-tech.de\\\/?s={search_term_string}\"},\"query-input\":{\"@type\":\"PropertyValueSpecification\",\"valueRequired\":true,\"valueName\":\"search_term_string\"}}],\"inLanguage\":\"en-GB\"},{\"@type\":\"Organization\",\"@id\":\"https:\\\/\\\/www.sma-tech.de\\\/#organization\",\"name\":\"SMA Tech\",\"url\":\"https:\\\/\\\/www.sma-tech.de\\\/\",\"logo\":{\"@type\":\"ImageObject\",\"inLanguage\":\"en-GB\",\"@id\":\"https:\\\/\\\/www.sma-tech.de\\\/#\\\/schema\\\/logo\\\/image\\\/\",\"url\":\"https:\\\/\\\/www.sma-tech.de\\\/wp-content\\\/uploads\\\/2024\\\/08\\\/SMA-Tech-neues-Logo-dark.svg\",\"contentUrl\":\"https:\\\/\\\/www.sma-tech.de\\\/wp-content\\\/uploads\\\/2024\\\/08\\\/SMA-Tech-neues-Logo-dark.svg\",\"width\":501,\"height\":112,\"caption\":\"SMA Tech\"},\"image\":{\"@id\":\"https:\\\/\\\/www.sma-tech.de\\\/#\\\/schema\\\/logo\\\/image\\\/\"}}]}<\/script>\n<!-- \/ Yoast SEO plugin. -->","yoast_head_json":{"title":"Imprint - SMA Tech","robots":{"index":"index","follow":"follow","max-snippet":"max-snippet:-1","max-image-preview":"max-image-preview:large","max-video-preview":"max-video-preview:-1"},"canonical":"https:\/\/www.sma-tech.de\/en\/imprint\/","og_locale":"en_GB","og_type":"article","og_title":"Impressum - SMA Tech","og_description":"Impressum SMA Tech GmbH &amp; Co. KGGalgenfeld 231737 Rinteln Tel.: +49 57511790-0Fax: +49 5751 1790-50E-Mail: info@sma-tech.de Registergericht: StadthagenRegisternummer: HRA 200682Umsatzsteuer-Identifikationsnummer gem\u00e4\u00df \u00a7 27a Umsatzsteuergesetz:DE 356175434 Produktionsstandort: St\u00fckenstra\u00dfe 531737 Rinteln+49 5751 921000 Pers\u00f6nlich haftende Gesellschafterin:Beteiligungsgesellschaft Scheidt mbHRegistergericht: StadthagenRegisternummer: HRB 2400 Vertreten durch die Gesch\u00e4ftsf\u00fchrung:Georgine Scheidt, Dragan-Michael Bracht Inhaltlich Verantwortlicher gem\u00e4\u00df \u00a755 Abs. 2 RStV :Georgine Scheidt [&hellip;]","og_url":"https:\/\/www.sma-tech.de\/en\/imprint\/","og_site_name":"SMA Tech","article_modified_time":"2026-01-12T07:11:22+00:00","twitter_card":"summary_large_image","twitter_misc":{"Estimated reading time":"2 minutes"},"schema":{"@context":"https:\/\/schema.org","@graph":[{"@type":"WebPage","@id":"https:\/\/www.sma-tech.de\/impressum\/","url":"https:\/\/www.sma-tech.de\/impressum\/","name":"Imprint - SMA Tech","isPartOf":{"@id":"https:\/\/www.sma-tech.de\/#website"},"datePublished":"2024-08-13T11:30:07+00:00","dateModified":"2026-01-12T07:11:22+00:00","breadcrumb":{"@id":"https:\/\/www.sma-tech.de\/impressum\/#breadcrumb"},"inLanguage":"en-GB","potentialAction":[{"@type":"ReadAction","target":["https:\/\/www.sma-tech.de\/impressum\/"]}]},{"@type":"BreadcrumbList","@id":"https:\/\/www.sma-tech.de\/impressum\/#breadcrumb","itemListElement":[{"@type":"ListItem","position":1,"name":"Startseite","item":"https:\/\/www.sma-tech.de\/"},{"@type":"ListItem","position":2,"name":"Impressum"}]},{"@type":"WebSite","@id":"https:\/\/www.sma-tech.de\/#website","url":"https:\/\/www.sma-tech.de\/","name":"SMA Tech","description":"High-quality technical solutions and metal constructions","publisher":{"@id":"https:\/\/www.sma-tech.de\/#organization"},"potentialAction":[{"@type":"SearchAction","target":{"@type":"EntryPoint","urlTemplate":"https:\/\/www.sma-tech.de\/?s={search_term_string}"},"query-input":{"@type":"PropertyValueSpecification","valueRequired":true,"valueName":"search_term_string"}}],"inLanguage":"en-GB"},{"@type":"Organization","@id":"https:\/\/www.sma-tech.de\/#organization","name":"SMA Tech","url":"https:\/\/www.sma-tech.de\/","logo":{"@type":"ImageObject","inLanguage":"en-GB","@id":"https:\/\/www.sma-tech.de\/#\/schema\/logo\/image\/","url":"https:\/\/www.sma-tech.de\/wp-content\/uploads\/2024\/08\/SMA-Tech-neues-Logo-dark.svg","contentUrl":"https:\/\/www.sma-tech.de\/wp-content\/uploads\/2024\/08\/SMA-Tech-neues-Logo-dark.svg","width":501,"height":112,"caption":"SMA Tech"},"image":{"@id":"https:\/\/www.sma-tech.de\/#\/schema\/logo\/image\/"}}]}},"_links":{"self":[{"href":"https:\/\/www.sma-tech.de\/en\/wp-json\/wp\/v2\/pages\/72","targetHints":{"allow":["GET"]}}],"collection":[{"href":"https:\/\/www.sma-tech.de\/en\/wp-json\/wp\/v2\/pages"}],"about":[{"href":"https:\/\/www.sma-tech.de\/en\/wp-json\/wp\/v2\/types\/page"}],"author":[{"embeddable":true,"href":"https:\/\/www.sma-tech.de\/en\/wp-json\/wp\/v2\/users\/2"}],"replies":[{"embeddable":true,"href":"https:\/\/www.sma-tech.de\/en\/wp-json\/wp\/v2\/comments?post=72"}],"version-history":[{"count":22,"href":"https:\/\/www.sma-tech.de\/en\/wp-json\/wp\/v2\/pages\/72\/revisions"}],"predecessor-version":[{"id":1383,"href":"https:\/\/www.sma-tech.de\/en\/wp-json\/wp\/v2\/pages\/72\/revisions\/1383"}],"wp:attachment":[{"href":"https:\/\/www.sma-tech.de\/en\/wp-json\/wp\/v2\/media?parent=72"}],"curies":[{"name":"wp","href":"https:\/\/api.w.org\/{rel}","templated":true}]}}